{"id":1279,"date":"2025-02-11T16:10:52","date_gmt":"2025-02-11T15:10:52","guid":{"rendered":"https:\/\/hcp1.es\/tienda-de-golf\/"},"modified":"2025-04-30T13:54:41","modified_gmt":"2025-04-30T11:54:41","slug":"tienda-de-golf","status":"publish","type":"page","link":"https:\/\/hcp1.es\/es\/tienda-de-golf\/","title":{"rendered":"Tienda de golf"},"content":{"rendered":"\t\t<div data-elementor-type=\"wp-page\" data-elementor-id=\"1279\" class=\"elementor elementor-1279 elementor-972\" data-elementor-post-type=\"page\">\n\t\t\t\t<div class=\"elementor-element elementor-element-25fd68d e-con-full e-flex e-con e-parent\" data-id=\"25fd68d\" data-element_type=\"container\" data-settings=\"{&quot;background_background&quot;:&quot;classic&quot;,&quot;background_motion_fx_motion_fx_scrolling&quot;:&quot;yes&quot;,&quot;background_motion_fx_translateY_effect&quot;:&quot;yes&quot;,&quot;background_motion_fx_translateY_speed&quot;:{&quot;unit&quot;:&quot;px&quot;,&quot;size&quot;:2,&quot;sizes&quot;:[]},&quot;background_motion_fx_translateY_affectedRange&quot;:{&quot;unit&quot;:&quot;%&quot;,&quot;size&quot;:&quot;&quot;,&quot;sizes&quot;:{&quot;start&quot;:0,&quot;end&quot;:100}},&quot;background_motion_fx_devices&quot;:[&quot;desktop&quot;,&quot;tablet&quot;,&quot;mobile&quot;]}\">\n\t\t<div class=\"elementor-element elementor-element-d80e717 e-grid e-con-boxed e-con e-child\" data-id=\"d80e717\" data-element_type=\"container\">\n\t\t\t\t\t<div class=\"e-con-inner\">\n\t\t<div class=\"elementor-element elementor-element-0ffec1e e-con-full e-flex e-con e-child\" data-id=\"0ffec1e\" data-element_type=\"container\">\n\t\t\t\t<div class=\"elementor-element elementor-element-dd03ae1 elementor-widget elementor-widget-heading\" data-id=\"dd03ae1\" data-element_type=\"widget\" data-widget_type=\"heading.default\">\n\t\t\t\t<div class=\"elementor-widget-container\">\n\t\t\t\t\t<h1 class=\"elementor-heading-title elementor-size-default\">Tienda de Golf<\/h1>\t\t\t\t<\/div>\n\t\t\t\t<\/div>\n\t\t\t\t<div class=\"elementor-element elementor-element-901a0e8 elementor-widget elementor-widget-heading\" data-id=\"901a0e8\" data-element_type=\"widget\" data-widget_type=\"heading.default\">\n\t\t\t\t<div class=\"elementor-widget-container\">\n\t\t\t\t\t<h1 class=\"elementor-heading-title elementor-size-default\">Las \u00faltimas tendencias en el mundo del golf<\/h1>\t\t\t\t<\/div>\n\t\t\t\t<\/div>\n\t\t\t\t<\/div>\n\t\t\t\t\t<\/div>\n\t\t\t\t<\/div>\n\t\t\t\t<\/div>\n\t\t<div class=\"elementor-element elementor-element-c3e23df e-grid e-con-boxed e-con e-parent\" data-id=\"c3e23df\" data-element_type=\"container\">\n\t\t\t\t\t<div class=\"e-con-inner\">\n\t\t<div class=\"elementor-element elementor-element-eadfa35 e-con-full e-flex e-con e-child\" data-id=\"eadfa35\" data-element_type=\"container\">\n\t\t\t\t<div class=\"elementor-element elementor-element-796c58a elementor-widget elementor-widget-image\" data-id=\"796c58a\" data-element_type=\"widget\" data-widget_type=\"image.default\">\n\t\t\t\t<div class=\"elementor-widget-container\">\n\t\t\t\t\t\t\t\t\t\t\t\t\t\t\t<img decoding=\"async\" width=\"100\" height=\"100\" src=\"https:\/\/hcp1.es\/wp-content\/uploads\/2025\/02\/equipament_alta_qualitat.svg\" class=\"attachment-large size-large wp-image-1270\" alt=\"\" \/>\t\t\t\t\t\t\t\t\t\t\t\t\t\t\t<\/div>\n\t\t\t\t<\/div>\n\t\t\t\t<div class=\"elementor-element elementor-element-77ba0dc elementor-widget elementor-widget-heading\" data-id=\"77ba0dc\" data-element_type=\"widget\" data-widget_type=\"heading.default\">\n\t\t\t\t<div class=\"elementor-widget-container\">\n\t\t\t\t\t<h2 class=\"elementor-heading-title elementor-size-default\">Equipamiento de alta calidad<\/h2>\t\t\t\t<\/div>\n\t\t\t\t<\/div>\n\t\t\t\t<div class=\"elementor-element elementor-element-bf2b796 elementor-widget elementor-widget-text-editor\" data-id=\"bf2b796\" data-element_type=\"widget\" data-widget_type=\"text-editor.default\">\n\t\t\t\t<div class=\"elementor-widget-container\">\n\t\t\t\t\t\t\t\t\t<p>Descubre una selecci\u00f3n exclusiva de palos de golf, ropa y accesorios de \u00e9lite, elegidos de las mejores marcas para garantizarle rendimiento y estilo en el campo.<\/p>\t\t\t\t\t\t\t\t<\/div>\n\t\t\t\t<\/div>\n\t\t\t\t<\/div>\n\t\t<div class=\"elementor-element elementor-element-3de1aad e-con-full e-flex e-con e-child\" data-id=\"3de1aad\" data-element_type=\"container\">\n\t\t\t\t<div class=\"elementor-element elementor-element-83d03ca elementor-widget elementor-widget-image\" data-id=\"83d03ca\" data-element_type=\"widget\" data-widget_type=\"image.default\">\n\t\t\t\t<div class=\"elementor-widget-container\">\n\t\t\t\t\t\t\t\t\t\t\t\t\t\t\t<img decoding=\"async\" width=\"100\" height=\"100\" src=\"https:\/\/hcp1.es\/wp-content\/uploads\/2025\/02\/lloguer_compra.svg\" class=\"attachment-large size-large wp-image-1271\" alt=\"\" \/>\t\t\t\t\t\t\t\t\t\t\t\t\t\t\t<\/div>\n\t\t\t\t<\/div>\n\t\t\t\t<div class=\"elementor-element elementor-element-a0181a3 elementor-widget elementor-widget-heading\" data-id=\"a0181a3\" data-element_type=\"widget\" data-widget_type=\"heading.default\">\n\t\t\t\t<div class=\"elementor-widget-container\">\n\t\t\t\t\t<h2 class=\"elementor-heading-title elementor-size-default\">Compra o alquiler<\/h2>\t\t\t\t<\/div>\n\t\t\t\t<\/div>\n\t\t\t\t<div class=\"elementor-element elementor-element-76d954a elementor-widget elementor-widget-text-editor\" data-id=\"76d954a\" data-element_type=\"widget\" data-widget_type=\"text-editor.default\">\n\t\t\t\t<div class=\"elementor-widget-container\">\n\t\t\t\t\t\t\t\t\t<p>Nos adaptamos a tus necesidades: elige entre comprar tu equipamiento definitivo o aprovechar las opciones de alquiler para experimentar lo mejor de cada temporada sin compromisos a largo plazo.<\/p>\t\t\t\t\t\t\t\t<\/div>\n\t\t\t\t<\/div>\n\t\t\t\t<\/div>\n\t\t<div class=\"elementor-element elementor-element-e677d9a e-con-full e-flex e-con e-child\" data-id=\"e677d9a\" data-element_type=\"container\">\n\t\t\t\t<div class=\"elementor-element elementor-element-e9c0129 elementor-widget elementor-widget-image\" data-id=\"e9c0129\" data-element_type=\"widget\" data-widget_type=\"image.default\">\n\t\t\t\t<div class=\"elementor-widget-container\">\n\t\t\t\t\t\t\t\t\t\t\t\t\t\t\t<img decoding=\"async\" width=\"100\" height=\"100\" src=\"https:\/\/hcp1.es\/wp-content\/uploads\/2025\/02\/assessorament.svg\" class=\"attachment-large size-large wp-image-1272\" alt=\"\" \/>\t\t\t\t\t\t\t\t\t\t\t\t\t\t\t<\/div>\n\t\t\t\t<\/div>\n\t\t\t\t<div class=\"elementor-element elementor-element-9974772 elementor-widget elementor-widget-heading\" data-id=\"9974772\" data-element_type=\"widget\" data-widget_type=\"heading.default\">\n\t\t\t\t<div class=\"elementor-widget-container\">\n\t\t\t\t\t<h2 class=\"elementor-heading-title elementor-size-default\">Asesoramiento personalizado<\/h2>\t\t\t\t<\/div>\n\t\t\t\t<\/div>\n\t\t\t\t<div class=\"elementor-element elementor-element-47b3866 elementor-widget elementor-widget-text-editor\" data-id=\"47b3866\" data-element_type=\"widget\" data-widget_type=\"text-editor.default\">\n\t\t\t\t<div class=\"elementor-widget-container\">\n\t\t\t\t\t\t\t\t\t<p>Nuestro equipo de especialistas en golf est\u00e1 siempre a tu disposici\u00f3n para ofrecerte consejos y soporte, ayud\u00e1ndote a elegir el equipamiento perfecto que impulse tu juego al siguiente nivel.<\/p><p> <\/p><p> <\/p>\t\t\t\t\t\t\t\t<\/div>\n\t\t\t\t<\/div>\n\t\t\t\t<\/div>\n\t\t\t\t\t<\/div>\n\t\t\t\t<\/div>\n\t\t\t\t<\/div>\n\t\t","protected":false},"excerpt":{"rendered":"<p>Tienda de Golf Las \u00faltimas tendencias en el mundo del golf Equipamiento de alta calidad Descubre una selecci\u00f3n exclusiva de palos de golf, ropa y accesorios de \u00e9lite, elegidos de las mejores marcas para garantizarle rendimiento y estilo en el campo. Compra o alquiler Nos adaptamos a tus necesidades: elige entre comprar tu equipamiento definitivo [&hellip;]<\/p>\n","protected":false},"author":1,"featured_media":0,"parent":0,"menu_order":0,"comment_status":"closed","ping_status":"closed","template":"","meta":{"_acf_changed":false,"footnotes":""},"class_list":["post-1279","page","type-page","status-publish","hentry"],"acf":[],"_links":{"self":[{"href":"https:\/\/hcp1.es\/es\/wp-json\/wp\/v2\/pages\/1279","targetHints":{"allow":["GET"]}}],"collection":[{"href":"https:\/\/hcp1.es\/es\/wp-json\/wp\/v2\/pages"}],"about":[{"href":"https:\/\/hcp1.es\/es\/wp-json\/wp\/v2\/types\/page"}],"author":[{"embeddable":true,"href":"https:\/\/hcp1.es\/es\/wp-json\/wp\/v2\/users\/1"}],"replies":[{"embeddable":true,"href":"https:\/\/hcp1.es\/es\/wp-json\/wp\/v2\/comments?post=1279"}],"version-history":[{"count":2,"href":"https:\/\/hcp1.es\/es\/wp-json\/wp\/v2\/pages\/1279\/revisions"}],"predecessor-version":[{"id":1788,"href":"https:\/\/hcp1.es\/es\/wp-json\/wp\/v2\/pages\/1279\/revisions\/1788"}],"wp:attachment":[{"href":"https:\/\/hcp1.es\/es\/wp-json\/wp\/v2\/media?parent=1279"}],"curies":[{"name":"wp","href":"https:\/\/api.w.org\/{rel}","templated":true}]}}