{"id":1285,"date":"2025-02-11T13:47:29","date_gmt":"2025-02-11T12:47:29","guid":{"rendered":"https:\/\/hcp1.es\/escuela-de-golf\/"},"modified":"2025-05-23T11:43:42","modified_gmt":"2025-05-23T09:43:42","slug":"escuela-de-golf","status":"publish","type":"page","link":"https:\/\/hcp1.es\/es\/escuela-de-golf\/","title":{"rendered":"Escuela de Golf"},"content":{"rendered":"\t\t<div data-elementor-type=\"wp-page\" data-elementor-id=\"1285\" class=\"elementor elementor-1285 elementor-900\" data-elementor-post-type=\"page\">\n\t\t\t\t<div class=\"elementor-element elementor-element-3549b26 e-con-full e-flex e-con e-parent\" data-id=\"3549b26\" data-element_type=\"container\" data-settings=\"{&quot;background_background&quot;:&quot;video&quot;,&quot;background_play_on_mobile&quot;:&quot;yes&quot;,&quot;background_motion_fx_translateY_effect&quot;:&quot;yes&quot;,&quot;background_motion_fx_translateY_speed&quot;:{&quot;unit&quot;:&quot;px&quot;,&quot;size&quot;:2,&quot;sizes&quot;:[]},&quot;background_video_link&quot;:&quot;https:\\\/\\\/hcp1.es\\\/wp-content\\\/uploads\\\/2025\\\/02\\\/hcp1-escoladegolf.mp4&quot;,&quot;background_motion_fx_translateY_affectedRange&quot;:{&quot;unit&quot;:&quot;%&quot;,&quot;size&quot;:&quot;&quot;,&quot;sizes&quot;:{&quot;start&quot;:0,&quot;end&quot;:100}},&quot;background_motion_fx_devices&quot;:[&quot;desktop&quot;,&quot;tablet&quot;,&quot;mobile&quot;]}\">\n\t\t<div class=\"elementor-background-video-container\">\n\t\t\t\t\t\t\t<video class=\"elementor-background-video-hosted\" autoplay muted playsinline loop><\/video>\n\t\t\t\t\t<\/div><div class=\"elementor-element elementor-element-4fb2236 e-grid e-con-boxed e-con e-child\" data-id=\"4fb2236\" data-element_type=\"container\">\n\t\t\t\t\t<div class=\"e-con-inner\">\n\t\t<div class=\"elementor-element elementor-element-c7de89c e-con-full e-flex e-con e-child\" data-id=\"c7de89c\" data-element_type=\"container\">\n\t\t\t\t<div class=\"elementor-element elementor-element-8f3532f elementor-widget elementor-widget-heading\" data-id=\"8f3532f\" data-element_type=\"widget\" data-widget_type=\"heading.default\">\n\t\t\t\t<div class=\"elementor-widget-container\">\n\t\t\t\t\t<h1 class=\"elementor-heading-title elementor-size-default\">Escuela de Golf HCP1<\/h1>\t\t\t\t<\/div>\n\t\t\t\t<\/div>\n\t\t\t\t<div class=\"elementor-element elementor-element-9e6d63a elementor-widget elementor-widget-heading\" data-id=\"9e6d63a\" data-element_type=\"widget\" data-widget_type=\"heading.default\">\n\t\t\t\t<div class=\"elementor-widget-container\">\n\t\t\t\t\t<h1 class=\"elementor-heading-title elementor-size-default\">Formaci\u00f3n integral para todos los niveles<\/h1>\t\t\t\t<\/div>\n\t\t\t\t<\/div>\n\t\t\t\t<\/div>\n\t\t\t\t\t<\/div>\n\t\t\t\t<\/div>\n\t\t\t\t<\/div>\n\t\t<div class=\"elementor-element elementor-element-6ada674 e-grid e-con-boxed e-con e-parent\" data-id=\"6ada674\" data-element_type=\"container\">\n\t\t\t\t\t<div class=\"e-con-inner\">\n\t\t<div class=\"elementor-element elementor-element-ffbcc8b e-con-full e-flex e-con e-child\" data-id=\"ffbcc8b\" data-element_type=\"container\">\n\t\t\t\t<div class=\"elementor-element elementor-element-42293da elementor-widget elementor-widget-image\" data-id=\"42293da\" data-element_type=\"widget\" data-widget_type=\"image.default\">\n\t\t\t\t<div class=\"elementor-widget-container\">\n\t\t\t\t\t\t\t\t\t\t\t\t\t\t\t<img decoding=\"async\" width=\"100\" height=\"100\" src=\"https:\/\/hcp1.es\/wp-content\/uploads\/2025\/02\/classes_particulars.svg\" class=\"attachment-full size-full wp-image-1264\" alt=\"\" \/>\t\t\t\t\t\t\t\t\t\t\t\t\t\t\t<\/div>\n\t\t\t\t<\/div>\n\t\t\t\t<div class=\"elementor-element elementor-element-8c11ce6 elementor-widget elementor-widget-heading\" data-id=\"8c11ce6\" data-element_type=\"widget\" data-widget_type=\"heading.default\">\n\t\t\t\t<div class=\"elementor-widget-container\">\n\t\t\t\t\t<h2 class=\"elementor-heading-title elementor-size-default\">Clases particulares<\/h2>\t\t\t\t<\/div>\n\t\t\t\t<\/div>\n\t\t\t\t<div class=\"elementor-element elementor-element-b58d6cf elementor-align-center elementor-widget elementor-widget-button\" data-id=\"b58d6cf\" data-element_type=\"widget\" data-widget_type=\"button.default\">\n\t\t\t\t<div class=\"elementor-widget-container\">\n\t\t\t\t\t\t\t\t\t<div class=\"elementor-button-wrapper\">\n\t\t\t\t\t<a class=\"elementor-button elementor-button-link elementor-size-sm\" href=\"#particulars\">\n\t\t\t\t\t\t<span class=\"elementor-button-content-wrapper\">\n\t\t\t\t\t\t\t\t\t<span class=\"elementor-button-text\">M\u00e1s info<\/span>\n\t\t\t\t\t<\/span>\n\t\t\t\t\t<\/a>\n\t\t\t\t<\/div>\n\t\t\t\t\t\t\t\t<\/div>\n\t\t\t\t<\/div>\n\t\t\t\t<\/div>\n\t\t<div class=\"elementor-element elementor-element-f1d7939 e-con-full e-flex e-con e-child\" data-id=\"f1d7939\" data-element_type=\"container\">\n\t\t\t\t<div class=\"elementor-element elementor-element-ebc3a75 elementor-widget elementor-widget-image\" data-id=\"ebc3a75\" data-element_type=\"widget\" data-widget_type=\"image.default\">\n\t\t\t\t<div class=\"elementor-widget-container\">\n\t\t\t\t\t\t\t\t\t\t\t\t\t\t\t<img decoding=\"async\" width=\"100\" height=\"100\" src=\"https:\/\/hcp1.es\/wp-content\/uploads\/2025\/02\/classes_grup.svg\" class=\"attachment-large size-large wp-image-1265\" alt=\"\" \/>\t\t\t\t\t\t\t\t\t\t\t\t\t\t\t<\/div>\n\t\t\t\t<\/div>\n\t\t\t\t<div class=\"elementor-element elementor-element-9e5ae50 elementor-widget elementor-widget-heading\" data-id=\"9e5ae50\" data-element_type=\"widget\" data-widget_type=\"heading.default\">\n\t\t\t\t<div class=\"elementor-widget-container\">\n\t\t\t\t\t<h2 class=\"elementor-heading-title elementor-size-default\">Clases Colectivas<\/h2>\t\t\t\t<\/div>\n\t\t\t\t<\/div>\n\t\t\t\t<div class=\"elementor-element elementor-element-44b04ce elementor-align-center elementor-widget elementor-widget-button\" data-id=\"44b04ce\" data-element_type=\"widget\" data-widget_type=\"button.default\">\n\t\t\t\t<div class=\"elementor-widget-container\">\n\t\t\t\t\t\t\t\t\t<div class=\"elementor-button-wrapper\">\n\t\t\t\t\t<a class=\"elementor-button elementor-button-link elementor-size-sm\" href=\"#colectives\">\n\t\t\t\t\t\t<span class=\"elementor-button-content-wrapper\">\n\t\t\t\t\t\t\t\t\t<span class=\"elementor-button-text\">M\u00e1s info<\/span>\n\t\t\t\t\t<\/span>\n\t\t\t\t\t<\/a>\n\t\t\t\t<\/div>\n\t\t\t\t\t\t\t\t<\/div>\n\t\t\t\t<\/div>\n\t\t\t\t<\/div>\n\t\t<div class=\"elementor-element elementor-element-65dfdcf e-con-full e-flex e-con e-child\" data-id=\"65dfdcf\" data-element_type=\"container\">\n\t\t\t\t<div class=\"elementor-element elementor-element-d124d06 elementor-widget elementor-widget-image\" data-id=\"d124d06\" data-element_type=\"widget\" data-widget_type=\"image.default\">\n\t\t\t\t<div class=\"elementor-widget-container\">\n\t\t\t\t\t\t\t\t\t\t\t\t\t\t\t<img decoding=\"async\" width=\"100\" height=\"100\" src=\"https:\/\/hcp1.es\/wp-content\/uploads\/2025\/02\/cursos_estiu.svg\" class=\"attachment-large size-large wp-image-1266\" alt=\"\" \/>\t\t\t\t\t\t\t\t\t\t\t\t\t\t\t<\/div>\n\t\t\t\t<\/div>\n\t\t\t\t<div class=\"elementor-element elementor-element-738a718 elementor-widget elementor-widget-heading\" data-id=\"738a718\" data-element_type=\"widget\" data-widget_type=\"heading.default\">\n\t\t\t\t<div class=\"elementor-widget-container\">\n\t\t\t\t\t<h2 class=\"elementor-heading-title elementor-size-default\">Cursos de verano<\/h2>\t\t\t\t<\/div>\n\t\t\t\t<\/div>\n\t\t\t\t<div class=\"elementor-element elementor-element-9159a6f elementor-align-center elementor-widget elementor-widget-button\" data-id=\"9159a6f\" data-element_type=\"widget\" data-widget_type=\"button.default\">\n\t\t\t\t<div class=\"elementor-widget-container\">\n\t\t\t\t\t\t\t\t\t<div class=\"elementor-button-wrapper\">\n\t\t\t\t\t<a class=\"elementor-button elementor-button-link elementor-size-sm\" href=\"#estiu\">\n\t\t\t\t\t\t<span class=\"elementor-button-content-wrapper\">\n\t\t\t\t\t\t\t\t\t<span class=\"elementor-button-text\">M\u00e1s info<\/span>\n\t\t\t\t\t<\/span>\n\t\t\t\t\t<\/a>\n\t\t\t\t<\/div>\n\t\t\t\t\t\t\t\t<\/div>\n\t\t\t\t<\/div>\n\t\t\t\t<\/div>\n\t\t\t\t\t<\/div>\n\t\t\t\t<\/div>\n\t\t<div class=\"elementor-element elementor-element-55b688d e-flex e-con-boxed e-con e-parent\" data-id=\"55b688d\" data-element_type=\"container\" id=\"particulars\">\n\t\t\t\t\t<div class=\"e-con-inner\">\n\t\t<div class=\"elementor-element elementor-element-d842e2e e-grid e-con-full e-con e-child\" data-id=\"d842e2e\" data-element_type=\"container\">\n\t\t<div class=\"elementor-element elementor-element-2937c7e e-con-full e-flex e-con e-child\" data-id=\"2937c7e\" data-element_type=\"container\">\n\t\t\t\t<div class=\"elementor-element elementor-element-b3dbe12 elementor-widget elementor-widget-heading\" data-id=\"b3dbe12\" data-element_type=\"widget\" data-widget_type=\"heading.default\">\n\t\t\t\t<div class=\"elementor-widget-container\">\n\t\t\t\t\t<h2 class=\"elementor-heading-title elementor-size-default\">Clases particulares para un aprendizaje personalizado<\/h2>\t\t\t\t<\/div>\n\t\t\t\t<\/div>\n\t\t\t\t<div class=\"elementor-element elementor-element-ab9f232 elementor-widget elementor-widget-text-editor\" data-id=\"ab9f232\" data-element_type=\"widget\" data-widget_type=\"text-editor.default\">\n\t\t\t\t<div class=\"elementor-widget-container\">\n\t\t\t\t\t\t\t\t\t<p>Ofrecemos una variedad de clases adaptadas a todos los niveles, desde principiantes a avanzados. Cada modalidad est\u00e1 dise\u00f1ada para maximizar el aprendizaje y la pr\u00e1ctica en un entorno amigable y profesional.<\/p>\t\t\t\t\t\t\t\t<\/div>\n\t\t\t\t<\/div>\n\t\t\t\t<\/div>\n\t\t\t\t<div class=\"elementor-element elementor-element-f59d612 elementor-widget elementor-widget-image\" data-id=\"f59d612\" data-element_type=\"widget\" data-widget_type=\"image.default\">\n\t\t\t\t<div class=\"elementor-widget-container\">\n\t\t\t\t\t\t\t\t\t\t\t\t\t\t\t<img loading=\"lazy\" decoding=\"async\" width=\"800\" height=\"534\" src=\"https:\/\/hcp1.es\/wp-content\/uploads\/2025\/04\/25042025-_ALG28722_1200_opt-1024x683.webp\" class=\"attachment-large size-large wp-image-1524\" alt=\"\" srcset=\"https:\/\/hcp1.es\/wp-content\/uploads\/2025\/04\/25042025-_ALG28722_1200_opt-1024x683.webp 1024w, https:\/\/hcp1.es\/wp-content\/uploads\/2025\/04\/25042025-_ALG28722_1200_opt-300x200.webp 300w, https:\/\/hcp1.es\/wp-content\/uploads\/2025\/04\/25042025-_ALG28722_1200_opt-768x512.webp 768w, https:\/\/hcp1.es\/wp-content\/uploads\/2025\/04\/25042025-_ALG28722_1200_opt.webp 1200w\" sizes=\"(max-width: 800px) 100vw, 800px\" \/>\t\t\t\t\t\t\t\t\t\t\t\t\t\t\t<\/div>\n\t\t\t\t<\/div>\n\t\t\t\t<\/div>\n\t\t\t\t\t<\/div>\n\t\t\t\t<\/div>\n\t\t<div class=\"elementor-element elementor-element-e090f7c e-flex e-con-boxed e-con e-parent\" data-id=\"e090f7c\" data-element_type=\"container\" id=\"colectives\">\n\t\t\t\t\t<div class=\"e-con-inner\">\n\t\t<div class=\"elementor-element elementor-element-b69c674 e-grid e-con-full e-con e-child\" data-id=\"b69c674\" data-element_type=\"container\">\n\t\t<div class=\"elementor-element elementor-element-3d5050d e-con-full e-flex e-con e-child\" data-id=\"3d5050d\" data-element_type=\"container\">\n\t\t\t\t<div class=\"elementor-element elementor-element-032efd1 elementor-widget elementor-widget-heading\" data-id=\"032efd1\" data-element_type=\"widget\" data-widget_type=\"heading.default\">\n\t\t\t\t<div class=\"elementor-widget-container\">\n\t\t\t\t\t<h2 class=\"elementor-heading-title elementor-size-default\">Clases colectivas para aprender en grupo<\/h2>\t\t\t\t<\/div>\n\t\t\t\t<\/div>\n\t\t\t\t<div class=\"elementor-element elementor-element-84fa377 elementor-widget elementor-widget-text-editor\" data-id=\"84fa377\" data-element_type=\"widget\" data-widget_type=\"text-editor.default\">\n\t\t\t\t<div class=\"elementor-widget-container\">\n\t\t\t\t\t\t\t\t\t<p>Las clases colectivas fomentan el compa\u00f1erismo y el aprendizaje colaborativo entre los participantes.<\/p>\t\t\t\t\t\t\t\t<\/div>\n\t\t\t\t<\/div>\n\t\t\t\t<\/div>\n\t\t\t\t<div class=\"elementor-element elementor-element-a0eb6e4 elementor-widget elementor-widget-image\" data-id=\"a0eb6e4\" data-element_type=\"widget\" data-widget_type=\"image.default\">\n\t\t\t\t<div class=\"elementor-widget-container\">\n\t\t\t\t\t\t\t\t\t\t\t\t\t\t\t<img loading=\"lazy\" decoding=\"async\" width=\"800\" height=\"534\" src=\"https:\/\/hcp1.es\/wp-content\/uploads\/2025\/04\/25042025-_ALG28491_1200_opt-1024x683.webp\" class=\"attachment-large size-large wp-image-1526\" alt=\"\" srcset=\"https:\/\/hcp1.es\/wp-content\/uploads\/2025\/04\/25042025-_ALG28491_1200_opt-1024x683.webp 1024w, https:\/\/hcp1.es\/wp-content\/uploads\/2025\/04\/25042025-_ALG28491_1200_opt-300x200.webp 300w, https:\/\/hcp1.es\/wp-content\/uploads\/2025\/04\/25042025-_ALG28491_1200_opt-768x512.webp 768w, https:\/\/hcp1.es\/wp-content\/uploads\/2025\/04\/25042025-_ALG28491_1200_opt.webp 1200w\" sizes=\"(max-width: 800px) 100vw, 800px\" \/>\t\t\t\t\t\t\t\t\t\t\t\t\t\t\t<\/div>\n\t\t\t\t<\/div>\n\t\t\t\t<\/div>\n\t\t\t\t\t<\/div>\n\t\t\t\t<\/div>\n\t\t<div class=\"elementor-element elementor-element-a68e7a4 e-flex e-con-boxed e-con e-parent\" data-id=\"a68e7a4\" data-element_type=\"container\" id=\"estiu\">\n\t\t\t\t\t<div class=\"e-con-inner\">\n\t\t<div class=\"elementor-element elementor-element-8d243a0 e-grid e-con-full e-con e-child\" data-id=\"8d243a0\" data-element_type=\"container\">\n\t\t<div class=\"elementor-element elementor-element-64f76e9 e-con-full e-flex e-con e-child\" data-id=\"64f76e9\" data-element_type=\"container\">\n\t\t\t\t<div class=\"elementor-element elementor-element-b4d10eb elementor-widget elementor-widget-heading\" data-id=\"b4d10eb\" data-element_type=\"widget\" data-widget_type=\"heading.default\">\n\t\t\t\t<div class=\"elementor-widget-container\">\n\t\t\t\t\t<h2 class=\"elementor-heading-title elementor-size-default\">Programas de verano para j\u00f3venes golfistas<\/h2>\t\t\t\t<\/div>\n\t\t\t\t<\/div>\n\t\t\t\t<div class=\"elementor-element elementor-element-9de47a9 elementor-widget elementor-widget-text-editor\" data-id=\"9de47a9\" data-element_type=\"widget\" data-widget_type=\"text-editor.default\">\n\t\t\t\t<div class=\"elementor-widget-container\">\n\t\t\t\t\t\t\t\t\t<p>Nuestros programas de verano est\u00e1n dise\u00f1ados para j\u00f3venes, combinando diversi\u00f3n y aprendizaje en el campo.<\/p>\t\t\t\t\t\t\t\t<\/div>\n\t\t\t\t<\/div>\n\t\t\t\t<\/div>\n\t\t\t\t<div class=\"elementor-element elementor-element-6c25548 elementor-widget elementor-widget-image\" data-id=\"6c25548\" data-element_type=\"widget\" data-widget_type=\"image.default\">\n\t\t\t\t<div class=\"elementor-widget-container\">\n\t\t\t\t\t\t\t\t\t\t\t\t\t\t\t<img loading=\"lazy\" decoding=\"async\" width=\"800\" height=\"534\" src=\"https:\/\/hcp1.es\/wp-content\/uploads\/2025\/04\/25042025-DSC_02616_1200_opt-1024x683.webp\" class=\"attachment-large size-large wp-image-1528\" alt=\"\" srcset=\"https:\/\/hcp1.es\/wp-content\/uploads\/2025\/04\/25042025-DSC_02616_1200_opt-1024x683.webp 1024w, https:\/\/hcp1.es\/wp-content\/uploads\/2025\/04\/25042025-DSC_02616_1200_opt-300x200.webp 300w, https:\/\/hcp1.es\/wp-content\/uploads\/2025\/04\/25042025-DSC_02616_1200_opt-768x512.webp 768w, https:\/\/hcp1.es\/wp-content\/uploads\/2025\/04\/25042025-DSC_02616_1200_opt.webp 1200w\" sizes=\"(max-width: 800px) 100vw, 800px\" \/>\t\t\t\t\t\t\t\t\t\t\t\t\t\t\t<\/div>\n\t\t\t\t<\/div>\n\t\t\t\t<\/div>\n\t\t\t\t\t<\/div>\n\t\t\t\t<\/div>\n\t\t\t\t<\/div>\n\t\t","protected":false},"excerpt":{"rendered":"<p>Escuela de Golf HCP1 Formaci\u00f3n integral para todos los niveles Clases particulares M\u00e1s info Clases Colectivas M\u00e1s info Cursos de verano M\u00e1s info Clases particulares para un aprendizaje personalizado Ofrecemos una variedad de clases adaptadas a todos los niveles, desde principiantes a avanzados. Cada modalidad est\u00e1 dise\u00f1ada para maximizar el aprendizaje y la pr\u00e1ctica en [&hellip;]<\/p>\n","protected":false},"author":1,"featured_media":0,"parent":0,"menu_order":0,"comment_status":"closed","ping_status":"closed","template":"","meta":{"_acf_changed":false,"footnotes":""},"class_list":["post-1285","page","type-page","status-publish","hentry"],"acf":[],"_links":{"self":[{"href":"https:\/\/hcp1.es\/es\/wp-json\/wp\/v2\/pages\/1285","targetHints":{"allow":["GET"]}}],"collection":[{"href":"https:\/\/hcp1.es\/es\/wp-json\/wp\/v2\/pages"}],"about":[{"href":"https:\/\/hcp1.es\/es\/wp-json\/wp\/v2\/types\/page"}],"author":[{"embeddable":true,"href":"https:\/\/hcp1.es\/es\/wp-json\/wp\/v2\/users\/1"}],"replies":[{"embeddable":true,"href":"https:\/\/hcp1.es\/es\/wp-json\/wp\/v2\/comments?post=1285"}],"version-history":[{"count":4,"href":"https:\/\/hcp1.es\/es\/wp-json\/wp\/v2\/pages\/1285\/revisions"}],"predecessor-version":[{"id":1835,"href":"https:\/\/hcp1.es\/es\/wp-json\/wp\/v2\/pages\/1285\/revisions\/1835"}],"wp:attachment":[{"href":"https:\/\/hcp1.es\/es\/wp-json\/wp\/v2\/media?parent=1285"}],"curies":[{"name":"wp","href":"https:\/\/api.w.org\/{rel}","templated":true}]}}