{"id":1289,"date":"2025-02-11T16:26:00","date_gmt":"2025-02-11T15:26:00","guid":{"rendered":"https:\/\/hcp1.es\/organizacion-de-eventos\/"},"modified":"2025-04-30T13:59:47","modified_gmt":"2025-04-30T11:59:47","slug":"organizacion-de-eventos","status":"publish","type":"page","link":"https:\/\/hcp1.es\/es\/organizacion-de-eventos\/","title":{"rendered":"Organizaci\u00f3n de eventos"},"content":{"rendered":"\t\t<div data-elementor-type=\"wp-page\" data-elementor-id=\"1289\" class=\"elementor elementor-1289 elementor-992\" data-elementor-post-type=\"page\">\n\t\t\t\t<div class=\"elementor-element elementor-element-d916013 e-con-full e-flex e-con e-parent\" data-id=\"d916013\" data-element_type=\"container\" data-settings=\"{&quot;background_background&quot;:&quot;classic&quot;,&quot;background_motion_fx_motion_fx_scrolling&quot;:&quot;yes&quot;,&quot;background_motion_fx_translateY_effect&quot;:&quot;yes&quot;,&quot;background_motion_fx_translateY_speed&quot;:{&quot;unit&quot;:&quot;px&quot;,&quot;size&quot;:2,&quot;sizes&quot;:[]},&quot;background_motion_fx_translateY_affectedRange&quot;:{&quot;unit&quot;:&quot;%&quot;,&quot;size&quot;:&quot;&quot;,&quot;sizes&quot;:{&quot;start&quot;:0,&quot;end&quot;:100}},&quot;background_motion_fx_devices&quot;:[&quot;desktop&quot;,&quot;tablet&quot;,&quot;mobile&quot;]}\">\n\t\t<div class=\"elementor-element elementor-element-43c3d06 e-grid e-con-boxed e-con e-child\" data-id=\"43c3d06\" data-element_type=\"container\">\n\t\t\t\t\t<div class=\"e-con-inner\">\n\t\t<div class=\"elementor-element elementor-element-5319519 e-con-full e-flex e-con e-child\" data-id=\"5319519\" data-element_type=\"container\">\n\t\t\t\t<div class=\"elementor-element elementor-element-19b15a1 elementor-widget elementor-widget-heading\" data-id=\"19b15a1\" data-element_type=\"widget\" data-widget_type=\"heading.default\">\n\t\t\t\t<div class=\"elementor-widget-container\">\n\t\t\t\t\t<h1 class=\"elementor-heading-title elementor-size-default\">Organizaci\u00f3n de eventos<\/h1>\t\t\t\t<\/div>\n\t\t\t\t<\/div>\n\t\t\t\t<div class=\"elementor-element elementor-element-f16cef7 elementor-widget elementor-widget-heading\" data-id=\"f16cef7\" data-element_type=\"widget\" data-widget_type=\"heading.default\">\n\t\t\t\t<div class=\"elementor-widget-container\">\n\t\t\t\t\t<h1 class=\"elementor-heading-title elementor-size-default\">Eventos privados en todo el recinto de golf<\/h1>\t\t\t\t<\/div>\n\t\t\t\t<\/div>\n\t\t\t\t<\/div>\n\t\t\t\t\t<\/div>\n\t\t\t\t<\/div>\n\t\t\t\t<\/div>\n\t\t<div class=\"elementor-element elementor-element-ef7288f e-grid e-con-boxed e-con e-parent\" data-id=\"ef7288f\" data-element_type=\"container\">\n\t\t\t\t\t<div class=\"e-con-inner\">\n\t\t<div class=\"elementor-element elementor-element-259e8d5 e-con-full e-flex e-con e-child\" data-id=\"259e8d5\" data-element_type=\"container\">\n\t\t\t\t<div class=\"elementor-element elementor-element-26f929d elementor-widget elementor-widget-image\" data-id=\"26f929d\" data-element_type=\"widget\" data-widget_type=\"image.default\">\n\t\t\t\t<div class=\"elementor-widget-container\">\n\t\t\t\t\t\t\t\t\t\t\t\t\t\t\t<img decoding=\"async\" width=\"100\" height=\"100\" src=\"https:\/\/hcp1.es\/wp-content\/uploads\/2025\/02\/personalitzacio.svg\" class=\"attachment-large size-large wp-image-1276\" alt=\"\" \/>\t\t\t\t\t\t\t\t\t\t\t\t\t\t\t<\/div>\n\t\t\t\t<\/div>\n\t\t\t\t<div class=\"elementor-element elementor-element-eccc05d elementor-widget elementor-widget-heading\" data-id=\"eccc05d\" data-element_type=\"widget\" data-widget_type=\"heading.default\">\n\t\t\t\t<div class=\"elementor-widget-container\">\n\t\t\t\t\t<h2 class=\"elementor-heading-title elementor-size-default\">Personalizaci\u00f3n a medida<\/h2>\t\t\t\t<\/div>\n\t\t\t\t<\/div>\n\t\t\t\t<div class=\"elementor-element elementor-element-29fae9c elementor-widget elementor-widget-text-editor\" data-id=\"29fae9c\" data-element_type=\"widget\" data-widget_type=\"text-editor.default\">\n\t\t\t\t<div class=\"elementor-widget-container\">\n\t\t\t\t\t\t\t\t\t<p>Personalizaci\u00f3n a medida Trabajamos contigo para dise\u00f1ar una experiencia que se ajuste perfectamente a tu visi\u00f3n, adaptando cada detalle a tus necesidades y preferencias.<\/p>\t\t\t\t\t\t\t\t<\/div>\n\t\t\t\t<\/div>\n\t\t\t\t<\/div>\n\t\t<div class=\"elementor-element elementor-element-2479f1c e-con-full e-flex e-con e-child\" data-id=\"2479f1c\" data-element_type=\"container\">\n\t\t\t\t<div class=\"elementor-element elementor-element-107b0c3 elementor-widget elementor-widget-image\" data-id=\"107b0c3\" data-element_type=\"widget\" data-widget_type=\"image.default\">\n\t\t\t\t<div class=\"elementor-widget-container\">\n\t\t\t\t\t\t\t\t\t\t\t\t\t\t\t<img decoding=\"async\" width=\"100\" height=\"100\" src=\"https:\/\/hcp1.es\/wp-content\/uploads\/2025\/02\/instal_exclusives.svg\" class=\"attachment-large size-large wp-image-1277\" alt=\"\" \/>\t\t\t\t\t\t\t\t\t\t\t\t\t\t\t<\/div>\n\t\t\t\t<\/div>\n\t\t\t\t<div class=\"elementor-element elementor-element-574714c elementor-widget elementor-widget-heading\" data-id=\"574714c\" data-element_type=\"widget\" data-widget_type=\"heading.default\">\n\t\t\t\t<div class=\"elementor-widget-container\">\n\t\t\t\t\t<h2 class=\"elementor-heading-title elementor-size-default\">Instalaciones exclusivas y vers\u00e1tiles\n<\/h2>\t\t\t\t<\/div>\n\t\t\t\t<\/div>\n\t\t\t\t<div class=\"elementor-element elementor-element-808ca58 elementor-widget elementor-widget-text-editor\" data-id=\"808ca58\" data-element_type=\"widget\" data-widget_type=\"text-editor.default\">\n\t\t\t\t<div class=\"elementor-widget-container\">\n\t\t\t\t\t\t\t\t\t<p>Disfruta de espacios pensados \u200b\u200bpara acoger todo tipo de actividades, desde torneos personalizados hasta comidas privadas en nuestro restaurante, todo en un entorno natural que inspira tranquilidad y elegancia.<\/p>\t\t\t\t\t\t\t\t<\/div>\n\t\t\t\t<\/div>\n\t\t\t\t<\/div>\n\t\t<div class=\"elementor-element elementor-element-ac1640f e-con-full e-flex e-con e-child\" data-id=\"ac1640f\" data-element_type=\"container\">\n\t\t\t\t<div class=\"elementor-element elementor-element-3954382 elementor-widget elementor-widget-image\" data-id=\"3954382\" data-element_type=\"widget\" data-widget_type=\"image.default\">\n\t\t\t\t<div class=\"elementor-widget-container\">\n\t\t\t\t\t\t\t\t\t\t\t\t\t\t\t<img decoding=\"async\" width=\"100\" height=\"100\" src=\"https:\/\/hcp1.es\/wp-content\/uploads\/2025\/02\/equip_professional.svg\" class=\"attachment-large size-large wp-image-1278\" alt=\"\" \/>\t\t\t\t\t\t\t\t\t\t\t\t\t\t\t<\/div>\n\t\t\t\t<\/div>\n\t\t\t\t<div class=\"elementor-element elementor-element-e44e38e elementor-widget elementor-widget-heading\" data-id=\"e44e38e\" data-element_type=\"widget\" data-widget_type=\"heading.default\">\n\t\t\t\t<div class=\"elementor-widget-container\">\n\t\t\t\t\t<h2 class=\"elementor-heading-title elementor-size-default\">Equipo profesional y atento<\/h2>\t\t\t\t<\/div>\n\t\t\t\t<\/div>\n\t\t\t\t<div class=\"elementor-element elementor-element-0be9b7a elementor-widget elementor-widget-text-editor\" data-id=\"0be9b7a\" data-element_type=\"widget\" data-widget_type=\"text-editor.default\">\n\t\t\t\t<div class=\"elementor-widget-container\">\n\t\t\t\t\t\t\t\t\t<p>Nuestro equipo de expertos en eventos se dedica a cuidar cada detalle, asegur\u00e1ndote un excelente servicio desde la planificaci\u00f3n hasta la realizaci\u00f3n, para superar todas tus expectativas.<\/p>\t\t\t\t\t\t\t\t<\/div>\n\t\t\t\t<\/div>\n\t\t\t\t<\/div>\n\t\t\t\t\t<\/div>\n\t\t\t\t<\/div>\n\t\t\t\t<\/div>\n\t\t","protected":false},"excerpt":{"rendered":"<p>Organizaci\u00f3n de eventos Eventos privados en todo el recinto de golf Personalizaci\u00f3n a medida Personalizaci\u00f3n a medida Trabajamos contigo para dise\u00f1ar una experiencia que se ajuste perfectamente a tu visi\u00f3n, adaptando cada detalle a tus necesidades y preferencias. Instalaciones exclusivas y vers\u00e1tiles Disfruta de espacios pensados \u200b\u200bpara acoger todo tipo de actividades, desde torneos personalizados [&hellip;]<\/p>\n","protected":false},"author":1,"featured_media":0,"parent":0,"menu_order":0,"comment_status":"closed","ping_status":"closed","template":"","meta":{"_acf_changed":false,"footnotes":""},"class_list":["post-1289","page","type-page","status-publish","hentry"],"acf":[],"_links":{"self":[{"href":"https:\/\/hcp1.es\/es\/wp-json\/wp\/v2\/pages\/1289","targetHints":{"allow":["GET"]}}],"collection":[{"href":"https:\/\/hcp1.es\/es\/wp-json\/wp\/v2\/pages"}],"about":[{"href":"https:\/\/hcp1.es\/es\/wp-json\/wp\/v2\/types\/page"}],"author":[{"embeddable":true,"href":"https:\/\/hcp1.es\/es\/wp-json\/wp\/v2\/users\/1"}],"replies":[{"embeddable":true,"href":"https:\/\/hcp1.es\/es\/wp-json\/wp\/v2\/comments?post=1289"}],"version-history":[{"count":1,"href":"https:\/\/hcp1.es\/es\/wp-json\/wp\/v2\/pages\/1289\/revisions"}],"predecessor-version":[{"id":1657,"href":"https:\/\/hcp1.es\/es\/wp-json\/wp\/v2\/pages\/1289\/revisions\/1657"}],"wp:attachment":[{"href":"https:\/\/hcp1.es\/es\/wp-json\/wp\/v2\/media?parent=1289"}],"curies":[{"name":"wp","href":"https:\/\/api.w.org\/{rel}","templated":true}]}}