{"id":1291,"date":"2025-02-11T15:59:31","date_gmt":"2025-02-11T14:59:31","guid":{"rendered":"https:\/\/hcp1.es\/restaurante-handicap-1\/"},"modified":"2025-04-30T12:52:10","modified_gmt":"2025-04-30T10:52:10","slug":"restaurante-handicap-1","status":"publish","type":"page","link":"https:\/\/hcp1.es\/es\/restaurante-handicap-1\/","title":{"rendered":"Restaurante Handicap 1"},"content":{"rendered":"\t\t<div data-elementor-type=\"wp-page\" data-elementor-id=\"1291\" class=\"elementor elementor-1291 elementor-952\" data-elementor-post-type=\"page\">\n\t\t\t\t<div class=\"elementor-element elementor-element-735be19 e-con-full e-flex e-con e-parent\" data-id=\"735be19\" data-element_type=\"container\" data-settings=\"{&quot;background_background&quot;:&quot;classic&quot;,&quot;background_motion_fx_motion_fx_scrolling&quot;:&quot;yes&quot;,&quot;background_motion_fx_translateY_effect&quot;:&quot;yes&quot;,&quot;background_motion_fx_translateY_speed&quot;:{&quot;unit&quot;:&quot;px&quot;,&quot;size&quot;:2,&quot;sizes&quot;:[]},&quot;background_motion_fx_translateY_affectedRange&quot;:{&quot;unit&quot;:&quot;%&quot;,&quot;size&quot;:&quot;&quot;,&quot;sizes&quot;:{&quot;start&quot;:0,&quot;end&quot;:100}},&quot;background_motion_fx_devices&quot;:[&quot;desktop&quot;,&quot;tablet&quot;,&quot;mobile&quot;]}\">\n\t\t<div class=\"elementor-element elementor-element-e045b90 e-grid e-con-boxed e-con e-child\" data-id=\"e045b90\" data-element_type=\"container\">\n\t\t\t\t\t<div class=\"e-con-inner\">\n\t\t<div class=\"elementor-element elementor-element-b507724 e-con-full e-flex e-con e-child\" data-id=\"b507724\" data-element_type=\"container\">\n\t\t\t\t<div class=\"elementor-element elementor-element-21cafae elementor-widget elementor-widget-heading\" data-id=\"21cafae\" data-element_type=\"widget\" data-widget_type=\"heading.default\">\n\t\t\t\t<div class=\"elementor-widget-container\">\n\t\t\t\t\t<h1 class=\"elementor-heading-title elementor-size-default\">Restaurante Handicap 1<\/h1>\t\t\t\t<\/div>\n\t\t\t\t<\/div>\n\t\t\t\t<div class=\"elementor-element elementor-element-0c09973 elementor-widget elementor-widget-heading\" data-id=\"0c09973\" data-element_type=\"widget\" data-widget_type=\"heading.default\">\n\t\t\t\t<div class=\"elementor-widget-container\">\n\t\t\t\t\t<h1 class=\"elementor-heading-title elementor-size-default\">Un entorno que inspira tranquilidad<\/h1>\t\t\t\t<\/div>\n\t\t\t\t<\/div>\n\t\t\t\t<\/div>\n\t\t\t\t\t<\/div>\n\t\t\t\t<\/div>\n\t\t\t\t<\/div>\n\t\t<div class=\"elementor-element elementor-element-e092faa e-grid e-con-boxed e-con e-parent\" data-id=\"e092faa\" data-element_type=\"container\">\n\t\t\t\t\t<div class=\"e-con-inner\">\n\t\t<div class=\"elementor-element elementor-element-528d211 e-con-full e-flex e-con e-child\" data-id=\"528d211\" data-element_type=\"container\">\n\t\t\t\t<div class=\"elementor-element elementor-element-433279e elementor-widget elementor-widget-image\" data-id=\"433279e\" data-element_type=\"widget\" data-widget_type=\"image.default\">\n\t\t\t\t<div class=\"elementor-widget-container\">\n\t\t\t\t\t\t\t\t\t\t\t\t\t\t\t<img decoding=\"async\" width=\"100\" height=\"100\" src=\"https:\/\/hcp1.es\/wp-content\/uploads\/2025\/02\/cuina_de_mercat.svg\" class=\"attachment-large size-large wp-image-1273\" alt=\"\" \/>\t\t\t\t\t\t\t\t\t\t\t\t\t\t\t<\/div>\n\t\t\t\t<\/div>\n\t\t\t\t<div class=\"elementor-element elementor-element-25dca66 elementor-widget elementor-widget-heading\" data-id=\"25dca66\" data-element_type=\"widget\" data-widget_type=\"heading.default\">\n\t\t\t\t<div class=\"elementor-widget-container\">\n\t\t\t\t\t<h2 class=\"elementor-heading-title elementor-size-default\">Cocina de mercado de calidad<\/h2>\t\t\t\t<\/div>\n\t\t\t\t<\/div>\n\t\t\t\t<div class=\"elementor-element elementor-element-d75f0eb elementor-widget elementor-widget-text-editor\" data-id=\"d75f0eb\" data-element_type=\"widget\" data-widget_type=\"text-editor.default\">\n\t\t\t\t<div class=\"elementor-widget-container\">\n\t\t\t\t\t\t\t\t\t<p>Goza de una propuesta gastron\u00f3mica basada en productos frescos y de temporada. Cada plato es elaborado cuidadosamente, destacando la riqueza y autenticidad de los sabores locales.<\/p>\t\t\t\t\t\t\t\t<\/div>\n\t\t\t\t<\/div>\n\t\t\t\t<\/div>\n\t\t<div class=\"elementor-element elementor-element-930e8da e-con-full e-flex e-con e-child\" data-id=\"930e8da\" data-element_type=\"container\">\n\t\t\t\t<div class=\"elementor-element elementor-element-9b6e6ed elementor-widget elementor-widget-image\" data-id=\"9b6e6ed\" data-element_type=\"widget\" data-widget_type=\"image.default\">\n\t\t\t\t<div class=\"elementor-widget-container\">\n\t\t\t\t\t\t\t\t\t\t\t\t\t\t\t<img decoding=\"async\" width=\"100\" height=\"100\" src=\"https:\/\/hcp1.es\/wp-content\/uploads\/2025\/02\/entorn_exclusiu.svg\" class=\"attachment-large size-large wp-image-1274\" alt=\"\" \/>\t\t\t\t\t\t\t\t\t\t\t\t\t\t\t<\/div>\n\t\t\t\t<\/div>\n\t\t\t\t<div class=\"elementor-element elementor-element-dee763a elementor-widget elementor-widget-heading\" data-id=\"dee763a\" data-element_type=\"widget\" data-widget_type=\"heading.default\">\n\t\t\t\t<div class=\"elementor-widget-container\">\n\t\t\t\t\t<h2 class=\"elementor-heading-title elementor-size-default\">Entorno exclusivo e inspirador<\/h2>\t\t\t\t<\/div>\n\t\t\t\t<\/div>\n\t\t\t\t<div class=\"elementor-element elementor-element-1fe01d5 elementor-widget elementor-widget-text-editor\" data-id=\"1fe01d5\" data-element_type=\"widget\" data-widget_type=\"text-editor.default\">\n\t\t\t\t<div class=\"elementor-widget-container\">\n\t\t\t\t\t\t\t\t\t<p>Situado en el coraz\u00f3n de nuestro campo de golf, el restaurante te invita a relajarte mientras disfrutas de un ambiente acogedor con espectaculares vistas. La perfecta combinaci\u00f3n entre naturaleza y elegancia hace de cada visita una experiencia \u00fanica.<\/p>\t\t\t\t\t\t\t\t<\/div>\n\t\t\t\t<\/div>\n\t\t\t\t<\/div>\n\t\t<div class=\"elementor-element elementor-element-17e4eb4 e-con-full e-flex e-con e-child\" data-id=\"17e4eb4\" data-element_type=\"container\">\n\t\t\t\t<div class=\"elementor-element elementor-element-aa0f21a elementor-widget elementor-widget-image\" data-id=\"aa0f21a\" data-element_type=\"widget\" data-widget_type=\"image.default\">\n\t\t\t\t<div class=\"elementor-widget-container\">\n\t\t\t\t\t\t\t\t\t\t\t\t\t\t\t<img decoding=\"async\" width=\"100\" height=\"100\" src=\"https:\/\/hcp1.es\/wp-content\/uploads\/2025\/02\/menus.svg\" class=\"attachment-large size-large wp-image-1275\" alt=\"\" \/>\t\t\t\t\t\t\t\t\t\t\t\t\t\t\t<\/div>\n\t\t\t\t<\/div>\n\t\t\t\t<div class=\"elementor-element elementor-element-258e1b3 elementor-widget elementor-widget-heading\" data-id=\"258e1b3\" data-element_type=\"widget\" data-widget_type=\"heading.default\">\n\t\t\t\t<div class=\"elementor-widget-container\">\n\t\t\t\t\t<h2 class=\"elementor-heading-title elementor-size-default\">Men\u00fas adaptados en cada momento<\/h2>\t\t\t\t<\/div>\n\t\t\t\t<\/div>\n\t\t\t\t<div class=\"elementor-element elementor-element-3d403de elementor-widget elementor-widget-text-editor\" data-id=\"3d403de\" data-element_type=\"widget\" data-widget_type=\"text-editor.default\">\n\t\t\t\t<div class=\"elementor-widget-container\">\n\t\t\t\t\t\t\t\t\t<p>Tanto si optas por nuestro men\u00fa diario para una comida r\u00e1pida y equilibrada, como por el men\u00fa de fin de semana para una experiencia culinaria m\u00e1s completa, encontrar\u00e1s opciones pensadas para satisfacer todos los gustos y necesidades.<\/p>\t\t\t\t\t\t\t\t<\/div>\n\t\t\t\t<\/div>\n\t\t\t\t<\/div>\n\t\t\t\t\t<\/div>\n\t\t\t\t<\/div>\n\t\t<div class=\"elementor-element elementor-element-757d661 e-flex e-con-boxed e-con e-parent\" data-id=\"757d661\" data-element_type=\"container\" data-settings=\"{&quot;background_background&quot;:&quot;classic&quot;}\">\n\t\t\t\t\t<div class=\"e-con-inner\">\n\t\t\t\t<div class=\"elementor-element elementor-element-9798a78 elementor-align-center elementor-widget elementor-widget-button\" data-id=\"9798a78\" data-element_type=\"widget\" data-widget_type=\"button.default\">\n\t\t\t\t<div class=\"elementor-widget-container\">\n\t\t\t\t\t\t\t\t\t<div class=\"elementor-button-wrapper\">\n\t\t\t\t\t<a class=\"elementor-button elementor-button-link elementor-size-sm\" href=\"tel:+34601516413\">\n\t\t\t\t\t\t<span class=\"elementor-button-content-wrapper\">\n\t\t\t\t\t\t\t\t\t<span class=\"elementor-button-text\">Reserva mesa<\/span>\n\t\t\t\t\t<\/span>\n\t\t\t\t\t<\/a>\n\t\t\t\t<\/div>\n\t\t\t\t\t\t\t\t<\/div>\n\t\t\t\t<\/div>\n\t\t\t\t\t<\/div>\n\t\t\t\t<\/div>\n\t\t\t\t<\/div>\n\t\t","protected":false},"excerpt":{"rendered":"<p>Restaurante Handicap 1 Un entorno que inspira tranquilidad Cocina de mercado de calidad Goza de una propuesta gastron\u00f3mica basada en productos frescos y de temporada. Cada plato es elaborado cuidadosamente, destacando la riqueza y autenticidad de los sabores locales. Entorno exclusivo e inspirador Situado en el coraz\u00f3n de nuestro campo de golf, el restaurante te [&hellip;]<\/p>\n","protected":false},"author":1,"featured_media":0,"parent":0,"menu_order":0,"comment_status":"closed","ping_status":"closed","template":"","meta":{"_acf_changed":false,"footnotes":""},"class_list":["post-1291","page","type-page","status-publish","hentry"],"acf":[],"_links":{"self":[{"href":"https:\/\/hcp1.es\/es\/wp-json\/wp\/v2\/pages\/1291","targetHints":{"allow":["GET"]}}],"collection":[{"href":"https:\/\/hcp1.es\/es\/wp-json\/wp\/v2\/pages"}],"about":[{"href":"https:\/\/hcp1.es\/es\/wp-json\/wp\/v2\/types\/page"}],"author":[{"embeddable":true,"href":"https:\/\/hcp1.es\/es\/wp-json\/wp\/v2\/users\/1"}],"replies":[{"embeddable":true,"href":"https:\/\/hcp1.es\/es\/wp-json\/wp\/v2\/comments?post=1291"}],"version-history":[{"count":3,"href":"https:\/\/hcp1.es\/es\/wp-json\/wp\/v2\/pages\/1291\/revisions"}],"predecessor-version":[{"id":1702,"href":"https:\/\/hcp1.es\/es\/wp-json\/wp\/v2\/pages\/1291\/revisions\/1702"}],"wp:attachment":[{"href":"https:\/\/hcp1.es\/es\/wp-json\/wp\/v2\/media?parent=1291"}],"curies":[{"name":"wp","href":"https:\/\/api.w.org\/{rel}","templated":true}]}}