{"id":1628,"date":"2023-06-21T07:07:07","date_gmt":"2023-06-21T05:07:07","guid":{"rendered":"https:\/\/hcp1.es\/?page_id=1628"},"modified":"2025-04-30T13:31:43","modified_gmt":"2025-04-30T11:31:43","slug":"politica-de-privacidad","status":"publish","type":"page","link":"https:\/\/hcp1.es\/es\/politica-de-privacidad\/","title":{"rendered":"Pol\u00edtica de privacidad"},"content":{"rendered":"\t\t<div data-elementor-type=\"wp-page\" data-elementor-id=\"1628\" class=\"elementor elementor-1628 elementor-3\" data-elementor-post-type=\"page\">\n\t\t\t\t<div class=\"elementor-element elementor-element-79684f86 e-flex e-con-boxed e-con e-parent\" data-id=\"79684f86\" data-element_type=\"container\">\n\t\t\t\t\t<div class=\"e-con-inner\">\n\t\t\t\t<div class=\"elementor-element elementor-element-a3caf22 elementor-widget elementor-widget-heading\" data-id=\"a3caf22\" data-element_type=\"widget\" data-widget_type=\"heading.default\">\n\t\t\t\t<div class=\"elementor-widget-container\">\n\t\t\t\t\t<h1 class=\"elementor-heading-title elementor-size-default\">Pol\u00edtica de privacidad<\/h1>\t\t\t\t<\/div>\n\t\t\t\t<\/div>\n\t\t\t\t<div class=\"elementor-element elementor-element-64805b60 elementor-widget elementor-widget-text-editor\" data-id=\"64805b60\" data-element_type=\"widget\" data-widget_type=\"text-editor.default\">\n\t\t\t\t<div class=\"elementor-widget-container\">\n\t\t\t\t\t\t\t\t\t<h3 class=\"\" data-start=\"221\" data-end=\"276\"><strong>1. Informaci\u00f3n sobre el Responsable del Tratamiento<\/strong><\/h3>\n<p class=\"\" data-start=\"278\" data-end=\"572\">De acuerdo con el Reglamento (UE) 2016\/679 del Parlamento Europeo y del Consejo (RGPD) y con la Ley Org\u00e1nica 3\/2018, de Protecci\u00f3n de Datos Personales y garant\u00eda de los derechos digitales, le informamos que los datos personales que nos proporcione a trav\u00e9s de este sitio web ser\u00e1n tratados por:<\/p>\n<p class=\"\" data-start=\"574\" data-end=\"834\"><strong data-start=\"574\" data-end=\"590\">Responsable:<\/strong> ESCOLA DE GOLF HCP1 (UNION INTERIORES SAU)<\/p>\n<p class=\"\" data-start=\"574\" data-end=\"834\"><strong data-start=\"646\" data-end=\"658\">NIF\/CIF:<\/strong> A-58426529<\/p>\n<p class=\"\" data-start=\"574\" data-end=\"834\"><strong data-start=\"695\" data-end=\"709\">Domicilio:<\/strong> Carretera BV-5031 km. 7, Sant Andreu de Llavaneres (Barcelona)<\/p>\n<p class=\"\" data-start=\"574\" data-end=\"834\"><strong data-start=\"749\" data-end=\"784\">Correo electr\u00f3nico de contacto:<\/strong> info@hcp1.es<\/p>\n<p class=\"\" data-start=\"574\" data-end=\"834\"><strong data-start=\"795\" data-end=\"811\">Dominio web:<\/strong> www.hcp1.es<\/p>\n<h3 data-start=\"841\" data-end=\"886\">\u00a0<\/h3>\n<h3 class=\"\" data-start=\"841\" data-end=\"886\"><strong>2. Finalidad del tratamiento de los datos<\/strong><\/h3>\n<p class=\"\" data-start=\"888\" data-end=\"988\">Los datos personales recabados a trav\u00e9s del sitio web ser\u00e1n tratados con las siguientes finalidades:<\/p>\n<ul data-start=\"990\" data-end=\"1423\">\n<li class=\"\" data-start=\"990\" data-end=\"1060\">\n<p class=\"\" data-start=\"992\" data-end=\"1060\"><strong data-start=\"992\" data-end=\"1058\">Gestionar pedidos y compras realizadas a trav\u00e9s del sitio web.<\/strong><\/p>\n<\/li>\n<li class=\"\" data-start=\"1061\" data-end=\"1215\">\n<p class=\"\" data-start=\"1063\" data-end=\"1215\"><strong data-start=\"1063\" data-end=\"1213\">Enviar comunicaciones comerciales relacionadas con nuestros productos o servicios, siempre que el usuario haya otorgado su consentimiento expreso.<\/strong><\/p>\n<\/li>\n<li class=\"\" data-start=\"1216\" data-end=\"1303\">\n<p class=\"\" data-start=\"1218\" data-end=\"1303\"><strong data-start=\"1218\" data-end=\"1301\">Atender consultas, solicitudes de informaci\u00f3n o contacto por parte del usuario.<\/strong><\/p>\n<\/li>\n<li class=\"\" data-start=\"1304\" data-end=\"1368\">\n<p class=\"\" data-start=\"1306\" data-end=\"1368\"><strong data-start=\"1306\" data-end=\"1366\">Gestionar la relaci\u00f3n comercial con clientes y usuarios.<\/strong><\/p>\n<\/li>\n<li class=\"\" data-start=\"1369\" data-end=\"1423\">\n<p class=\"\" data-start=\"1371\" data-end=\"1423\"><strong data-start=\"1371\" data-end=\"1423\">Cumplir con las obligaciones legales aplicables.<\/strong><\/p>\n<\/li>\n<\/ul>\n<p class=\"\" data-start=\"1425\" data-end=\"1499\">Los datos no se utilizar\u00e1n con finalidades distintas a las aqu\u00ed indicadas.<\/p>\n<h3 data-start=\"1506\" data-end=\"1541\">\u00a0<\/h3>\n<h3 class=\"\" data-start=\"1506\" data-end=\"1541\"><strong>3. Legitimaci\u00f3n del tratamiento<\/strong><\/h3>\n<p class=\"\" data-start=\"1543\" data-end=\"1593\">La base legal para el tratamiento de sus datos es:<\/p>\n<ul data-start=\"1595\" data-end=\"1942\">\n<li class=\"\" data-start=\"1595\" data-end=\"1666\">\n<p class=\"\" data-start=\"1597\" data-end=\"1666\">La <strong data-start=\"1600\" data-end=\"1628\">ejecuci\u00f3n de un contrato<\/strong> de venta o prestaci\u00f3n de servicios.<\/p>\n<\/li>\n<li class=\"\" data-start=\"1667\" data-end=\"1769\">\n<p class=\"\" data-start=\"1669\" data-end=\"1769\">El <strong data-start=\"1672\" data-end=\"1698\">consentimiento expreso<\/strong> otorgado por el interesado al aceptar las casillas correspondientes.<\/p>\n<\/li>\n<li class=\"\" data-start=\"1770\" data-end=\"1869\">\n<p class=\"\" data-start=\"1772\" data-end=\"1869\">El <strong data-start=\"1775\" data-end=\"1795\">inter\u00e9s leg\u00edtimo<\/strong> del responsable para responder a las solicitudes o consultas recibidas.<\/p>\n<\/li>\n<li class=\"\" data-start=\"1870\" data-end=\"1942\">\n<p class=\"\" data-start=\"1872\" data-end=\"1942\">El <strong data-start=\"1875\" data-end=\"1915\">cumplimiento de obligaciones legales<\/strong> aplicables al responsable.<\/p>\n<\/li>\n<\/ul>\n<h3 data-start=\"1949\" data-end=\"1981\">\u00a0<\/h3>\n<h3 class=\"\" data-start=\"1949\" data-end=\"1981\"><strong>4. Conservaci\u00f3n de los datos<\/strong><\/h3>\n<p class=\"\" data-start=\"1983\" data-end=\"2312\">Los datos personales se conservar\u00e1n durante el tiempo estrictamente necesario para cumplir con la finalidad para la que se recabaron y mientras se mantenga la relaci\u00f3n contractual o comercial. Posteriormente, se mantendr\u00e1n debidamente bloqueados durante los plazos legalmente establecidos para atender posibles responsabilidades.<\/p>\n<h3 data-start=\"2319\" data-end=\"2352\">\u00a0<\/h3>\n<h3 class=\"\" data-start=\"2319\" data-end=\"2352\"><strong>5. Destinatarios de los datos<\/strong><\/h3>\n<p class=\"\" data-start=\"2354\" data-end=\"2389\">Los datos podr\u00e1n ser comunicados a:<\/p>\n<ul data-start=\"2391\" data-end=\"2867\">\n<li class=\"\" data-start=\"2391\" data-end=\"2495\">\n<p class=\"\" data-start=\"2393\" data-end=\"2495\"><strong data-start=\"2393\" data-end=\"2436\">Entidades bancarias y pasarelas de pago<\/strong>, para la gesti\u00f3n del cobro de los servicios o productos.<\/p>\n<\/li>\n<li class=\"\" data-start=\"2496\" data-end=\"2569\">\n<p class=\"\" data-start=\"2498\" data-end=\"2569\"><strong data-start=\"2498\" data-end=\"2537\">Empresas de transporte o mensajer\u00eda<\/strong>, en caso de env\u00edo de pedidos.<\/p>\n<\/li>\n<li class=\"\" data-start=\"2570\" data-end=\"2672\">\n<p class=\"\" data-start=\"2572\" data-end=\"2672\"><strong data-start=\"2572\" data-end=\"2624\">Administraciones p\u00fablicas y organismos oficiales<\/strong>, cuando as\u00ed lo requiera la normativa vigente.<\/p>\n<\/li>\n<li class=\"\" data-start=\"2673\" data-end=\"2867\">\n<p class=\"\" data-start=\"2675\" data-end=\"2867\"><strong data-start=\"2675\" data-end=\"2728\">Encargados de tratamiento contratados debidamente<\/strong>, como proveedores tecnol\u00f3gicos, servicios de alojamiento web (hosting), plataformas de email marketing o servicios de atenci\u00f3n al cliente.<\/p>\n<\/li>\n<\/ul>\n<p class=\"\" data-start=\"2869\" data-end=\"2990\">No se realizar\u00e1n transferencias internacionales de datos fuera del Espacio Econ\u00f3mico Europeo sin las garant\u00edas adecuadas.<\/p>\n<h3 data-start=\"2997\" data-end=\"3027\">\u00a0<\/h3>\n<h3 class=\"\" data-start=\"2997\" data-end=\"3027\"><strong>6. Derechos del interesado<\/strong><\/h3>\n<p class=\"\" data-start=\"3029\" data-end=\"3096\">Usted podr\u00e1 ejercer, en cualquier momento, los siguientes derechos:<\/p>\n<ul data-start=\"3098\" data-end=\"3687\">\n<li class=\"\" data-start=\"3098\" data-end=\"3163\">\n<p class=\"\" data-start=\"3100\" data-end=\"3163\"><strong data-start=\"3100\" data-end=\"3122\">Derecho de acceso:<\/strong> conocer qu\u00e9 datos personales tratamos.<\/p>\n<\/li>\n<li class=\"\" data-start=\"3164\" data-end=\"3257\">\n<p class=\"\" data-start=\"3166\" data-end=\"3257\"><strong data-start=\"3166\" data-end=\"3195\">Derecho de rectificaci\u00f3n:<\/strong> solicitar la modificaci\u00f3n de datos inexactos o incompletos.<\/p>\n<\/li>\n<li class=\"\" data-start=\"3258\" data-end=\"3355\">\n<p class=\"\" data-start=\"3260\" data-end=\"3355\"><strong data-start=\"3260\" data-end=\"3285\">Derecho de supresi\u00f3n:<\/strong> solicitar la eliminaci\u00f3n de sus datos cuando ya no sean necesarios.<\/p>\n<\/li>\n<li class=\"\" data-start=\"3356\" data-end=\"3454\">\n<p class=\"\" data-start=\"3358\" data-end=\"3454\"><strong data-start=\"3358\" data-end=\"3383\">Derecho de oposici\u00f3n:<\/strong> oponerse al tratamiento de sus datos en determinadas circunstancias.<\/p>\n<\/li>\n<li class=\"\" data-start=\"3455\" data-end=\"3573\">\n<p class=\"\" data-start=\"3457\" data-end=\"3573\"><strong data-start=\"3457\" data-end=\"3501\">Derecho a la limitaci\u00f3n del tratamiento:<\/strong> solicitar que se limite el tratamiento de sus datos en ciertos casos.<\/p>\n<\/li>\n<li class=\"\" data-start=\"3574\" data-end=\"3687\">\n<p class=\"\" data-start=\"3576\" data-end=\"3687\"><strong data-start=\"3576\" data-end=\"3606\">Derecho a la portabilidad:<\/strong> recibir sus datos en un formato estructurado y transferirlos a otro responsable.<\/p>\n<\/li>\n<\/ul>\n<p class=\"\" data-start=\"3689\" data-end=\"3870\">Podr\u00e1 ejercer estos derechos enviando una solicitud por escrito, acompa\u00f1ada de una copia de su documento de identidad, a la direcci\u00f3n de correo electr\u00f3nico facilitada anteriormente.<\/p>\n<h3 data-start=\"3877\" data-end=\"3904\">\u00a0<\/h3>\n<h3 class=\"\" data-start=\"3877\" data-end=\"3904\"><strong>7. Medidas de seguridad<\/strong><\/h3>\n<p class=\"\" data-start=\"3906\" data-end=\"4133\">El Responsable ha adoptado las medidas t\u00e9cnicas y organizativas necesarias para garantizar la seguridad, integridad y confidencialidad de los datos personales, as\u00ed como para evitar su p\u00e9rdida, alteraci\u00f3n o acceso no autorizado.<\/p>\n<h3 data-start=\"4140\" data-end=\"4166\">\u00a0<\/h3>\n<h3 class=\"\" data-start=\"4140\" data-end=\"4166\"><strong>8. Pol\u00edtica de cookies<\/strong><\/h3>\n<p class=\"\" data-start=\"4168\" data-end=\"4418\">Este sitio web utiliza cookies propias y de terceros con fines t\u00e9cnicos, anal\u00edticos y de personalizaci\u00f3n. Para m\u00e1s informaci\u00f3n, consulte nuestra <a target=\"_new\" rel=\"noopener\" data-start=\"4313\" data-end=\"4378\">Pol\u00edtica de Cookies<\/a> (enlace activo si ya existe la p\u00e1gina).<\/p>\n<h3 data-start=\"4425\" data-end=\"4468\">\u00a0<\/h3>\n<h3 class=\"\" data-start=\"4425\" data-end=\"4468\"><strong>9. Cambios en la pol\u00edtica de privacidad<\/strong><\/h3>\n<p class=\"\" data-start=\"4470\" data-end=\"4693\">El Responsable se reserva el derecho a modificar la presente pol\u00edtica de privacidad para adaptarla a novedades legislativas o jurisprudenciales. En dichos casos, se anunciar\u00e1n los cambios pertinentes a trav\u00e9s del sitio web.<\/p>\n<h3 data-start=\"4700\" data-end=\"4716\">\u00a0<\/h3>\n<h3 class=\"\" data-start=\"4700\" data-end=\"4716\"><strong>10. Contacto<\/strong><\/h3>\n<p class=\"\" data-start=\"4718\" data-end=\"4869\">Para cualquier consulta relacionada con esta pol\u00edtica o para ejercer sus derechos, puede ponerse en contacto a trav\u00e9s del siguiente correo electr\u00f3nico: info@hcp1.es<\/p>\t\t\t\t\t\t\t\t<\/div>\n\t\t\t\t<\/div>\n\t\t\t\t\t<\/div>\n\t\t\t\t<\/div>\n\t\t\t\t<\/div>\n\t\t","protected":false},"excerpt":{"rendered":"<p>1. Informaci\u00f3n sobre el Responsable del Tratamiento De acuerdo con el Reglamento (UE) 2016\/679 del Parlamento Europeo y del Consejo (RGPD) y con la Ley Org\u00e1nica 3\/2018, de Protecci\u00f3n de Datos Personales y garant\u00eda de los derechos digitales, le informamos que los datos personales que nos proporcione a trav\u00e9s de este sitio web ser\u00e1n tratados [&hellip;]<\/p>\n","protected":false},"author":1,"featured_media":0,"parent":0,"menu_order":0,"comment_status":"closed","ping_status":"closed","template":"","meta":{"_acf_changed":false,"footnotes":""},"class_list":["post-1628","page","type-page","status-publish","hentry"],"acf":[],"_links":{"self":[{"href":"https:\/\/hcp1.es\/es\/wp-json\/wp\/v2\/pages\/1628","targetHints":{"allow":["GET"]}}],"collection":[{"href":"https:\/\/hcp1.es\/es\/wp-json\/wp\/v2\/pages"}],"about":[{"href":"https:\/\/hcp1.es\/es\/wp-json\/wp\/v2\/types\/page"}],"author":[{"embeddable":true,"href":"https:\/\/hcp1.es\/es\/wp-json\/wp\/v2\/users\/1"}],"replies":[{"embeddable":true,"href":"https:\/\/hcp1.es\/es\/wp-json\/wp\/v2\/comments?post=1628"}],"version-history":[{"count":8,"href":"https:\/\/hcp1.es\/es\/wp-json\/wp\/v2\/pages\/1628\/revisions"}],"predecessor-version":[{"id":1764,"href":"https:\/\/hcp1.es\/es\/wp-json\/wp\/v2\/pages\/1628\/revisions\/1764"}],"wp:attachment":[{"href":"https:\/\/hcp1.es\/es\/wp-json\/wp\/v2\/media?parent=1628"}],"curies":[{"name":"wp","href":"https:\/\/api.w.org\/{rel}","templated":true}]}}