{"id":1630,"date":"2025-04-30T11:12:57","date_gmt":"2025-04-30T09:12:57","guid":{"rendered":"https:\/\/hcp1.es\/aviso-legal\/"},"modified":"2025-04-30T14:00:08","modified_gmt":"2025-04-30T12:00:08","slug":"aviso-legal","status":"publish","type":"page","link":"https:\/\/hcp1.es\/es\/aviso-legal\/","title":{"rendered":"Aviso Legal"},"content":{"rendered":"\t\t<div data-elementor-type=\"wp-page\" data-elementor-id=\"1630\" class=\"elementor elementor-1630 elementor-1618\" data-elementor-post-type=\"page\">\n\t\t\t\t<div class=\"elementor-element elementor-element-653d9875 e-flex e-con-boxed e-con e-parent\" data-id=\"653d9875\" data-element_type=\"container\">\n\t\t\t\t\t<div class=\"e-con-inner\">\n\t\t\t\t<div class=\"elementor-element elementor-element-d9f9194 elementor-widget elementor-widget-heading\" data-id=\"d9f9194\" data-element_type=\"widget\" data-widget_type=\"heading.default\">\n\t\t\t\t<div class=\"elementor-widget-container\">\n\t\t\t\t\t<h1 class=\"elementor-heading-title elementor-size-default\">Aviso Legal<\/h1>\t\t\t\t<\/div>\n\t\t\t\t<\/div>\n\t\t\t\t<div class=\"elementor-element elementor-element-124e9698 elementor-widget elementor-widget-text-editor\" data-id=\"124e9698\" data-element_type=\"widget\" data-widget_type=\"text-editor.default\">\n\t\t\t\t<div class=\"elementor-widget-container\">\n\t\t\t\t\t\t\t\t\t\n<p>En virtud de la Ley 15\/1999 del 13 de diciembre sobre la Protecci\u00f3n de Datos de car\u00e1cter personal, lo informamos que sus datos reflejados a esta comunicaci\u00f3n, est\u00e1n incorporadas dentro de un fichero automatizado responsabilidad de la empresa mercantil UNION INTERIORES SAU, CIF: A- 58426529, inscrita en el Registro Mercantil de Barcelona, Tom 21150, Folio 41, Hoja N.\u00ba B-17101, Inscripci\u00f3n 8\u00aa. La finalidad de este fichero es gestionar el servicio solicitado.<br>El usuario garantiza la autenticidad de todos aquellos datos que comunique a trav\u00e9s de www.hcp1.es y mantendr\u00e1 actualizada la informaci\u00f3n que facilite en ESCUELA DE GOLF HCP1 de forma que responda en todo momento a su situaci\u00f3n real, siendo el \u00fanico responsable de las manifestaciones falsas o inexactas que realice, as\u00ed como de los perjuicios que cause por esta raz\u00f3n a ESCUELA DE GOLF HCP1 o a terceros. <\/p>\n\n<p>ESCUELA DE GOLF HCP1 no puede asumir ninguna responsabilidad derivada del uso incorrecto, inapropiado o il\u00edcito de la informaci\u00f3n aparecida en las p\u00e1ginas de Internet de ESCUELA DE GOLF HCP1.<\/p>\n\n<p>Con los l\u00edmites establecidos a la ley, ESCUELA DE GOLF HCP1 no asume ninguna responsabilidad derivada de la falta de veracidad, integridad, actualizaci\u00f3n y precisi\u00f3n de los datos o informaciones que contienen sus p\u00e1ginas de Internet. Los contenidos e informaci\u00f3n de las p\u00e1ginas d\u00b4 Internet de ESCUELA DE GOLF HCP1 est\u00e1n elaboradas por profesionales debidamente cualificados para el ejercicio de su profesi\u00f3n. No obstante, los contenidos e informaci\u00f3n no la vinculan, ni constituyen opiniones, consejos o asesoramiento legal de cualquier tipo, pues solo se trata d\u00b4 un servicio ofrecido con car\u00e1cter informativo y divulgativo.  <\/p>\n\n<p>Las p\u00e1ginas de Internet de ESCUELA DE GOLF HCP1 pueden contener enlaces (links) en otras p\u00e1ginas de terceros. Por eso, esta no podr\u00e1 asumir responsabilidades por el contenido que pueda aparecer en p\u00e1ginas de terceros. Los textos, im\u00e1genes, sonidos, animaciones, software y el resto de contenidos incluidos en este website son propiedad exclusiva de ESCUELA DE GOLF HCP1 o sus llicenciants. Cualquier acto de transmisi\u00f3n, distribuci\u00f3n, cesi\u00f3n, reproducci\u00f3n, almacenamiento o comunicaci\u00f3n p\u00fablica total o parcial, tiene que contar con el consentimiento expreso de ESCUELA DE GOLF HCP1.   <\/p>\n\n<p>As\u00ed mismo, para acceder a los servicios que ESCUELA DE GOLF HCP1 ofrece a trav\u00e9s de la website, tendr\u00e1 que proporcionar algunos datos de car\u00e1cter personal. En cumplimiento de aquello establecido en la LOPD 15\/1999, del 13 de diciembre, lo informamos que sus datos personales quedar\u00e1n incorporadas y ser\u00e1n tratadas a los ficheros de ESCUELA DE GOLF HCP1, con el fin de prestarle y ofrecerle nuestros servicios. As\u00ed mismo, lo informamos de la posibilidad de ejercer los derechos de acceso, rectificaci\u00f3n, cancelaci\u00f3n y oposici\u00f3n de sus datos de car\u00e1cter personal, en CARRETERA BV-5031 km. 7 Sant Andreu de Llavaneres (Barcelona) o bien, enviar un correo electr\u00f3nico a info@hcp1.es.   <\/p>\n\n<p>PROPIEDAD INTELECTUAL<\/p>\n\n<p>Los contenidos proporcionados por ESCUELA DE GOLF HCP1 est\u00e1n sujetos a los derechos de propiedad intelectual e industrial y son titularidad exclusiva de ESCUELA DE GOLF HCP1 o de las personas f\u00edsicas o jur\u00eddicas que se informe mediante la adquisici\u00f3n de un producto o servicio. ESCUELA DE GOLF HCP1 no confiere al adquirente ning\u00fan derecho de alteraci\u00f3n, explotaci\u00f3n, reproducci\u00f3n, distribuci\u00f3n o comunicaci\u00f3n p\u00fablica sobre el mismo, reserv\u00e1ndose el ESCUELA DE GOLF HCP1 todos estos derechos. La cesi\u00f3n de estos derechos precisar\u00e1 el consentimiento previo por escrito del titular de los mismos, de forma que el cliente no podr\u00e1 poner a disposici\u00f3n de terceras personas estos contenidos.  <\/p>\n\n<p>La propiedad intelectual se extiende, adem\u00e1s del contenido incluido a ESCUELA DE GOLF HCP1, a sus gr\u00e1ficos, logotipos, dise\u00f1os, im\u00e1genes y c\u00f3digos fuente utilizados para su programaci\u00f3n.<\/p>\n\n<p>ESCUELA DE GOLF HCP1 ha obtenido la Informaci\u00f3n y los materiales incluidos en la web de fuentes consideradas como fiables y, si bien se han tomado medidas razonables para asegurarse que la informaci\u00f3n contenida sea la correcto, ESCUELA DE GOLF HCP1 no puede garantizar que en todo momento y circunstancia esta informaci\u00f3n sea exacta, completa, actualizada y, en consecuencia, no se tiene que confiar en ella como si lo fuera. ESCUELA DE GOLF HCP1 declina expresamente cualquier responsabilidad por error u omisi\u00f3n en la Informaci\u00f3n contenida en las p\u00e1ginas de esta web. <\/p>\n\n<p>ESCUELA DE GOLF HCP1 se reserva la facultad de modificar, suspender, cancelar o restringir el contenido de la web, los v\u00ednculos o la informaci\u00f3n obtenida a trav\u00e9s de ella, sin necesidad de aviso previo. Esta, en ning\u00fan caso, asume ninguna responsabilidad como consecuencia de la utilizaci\u00f3n incorrecto de la web que pueda hacer el usuario, tanto de la informaci\u00f3n como de los servicios incluidos. <\/p>\n\n<p>En ning\u00fan caso ESCUELA DE GOLF HCP1, sus sucursales y\/o centros de trabajo, sus directores y\/o apoderados, trabajadores y, en general, el personal autorizado ser\u00e1 responsable de cualquier tipo de perjuicio, p\u00e9rdida, reclamaci\u00f3n o gasto, tanto si procede directa o indirectamente, del uso y\/o difusi\u00f3n de la web o de la Informaci\u00f3n adquirida o accedida por o a trav\u00e9s de esta o de sus virus inform\u00e1ticos, de errores operativos o de interrupciones en el servicios o transmisi\u00f3n o de errores en la l\u00ednea en el uso de la web, tanto por conexi\u00f3n directa como por v\u00ednculo u otro medio, constituyendo a todos los efectos legales un aviso a cualquier usuario de que estas posibilidades y actas puedan ocurrir.<\/p>\n\n<p>ESCUELA DE GOLF HCP1 no se hace responsable de las webs no propias a las que se pueda acceder mediante v\u00ednculos o enlaces (\u201clinks\u201d) o de cualquier contenido puesto a disposici\u00f3n de terceros. Cualquier uso de un v\u00ednculo o acceso a una web no propia ser\u00e1 realizado por voluntad y al riesgo totalmente exclusivo del usuario. ESCUELA DE GOLF HCP1 no recomienda ni garantiza jefe de la\/se Informaci\u00f3n\/onsobtenida\/se por o a trav\u00e9s de un v\u00ednculo, ni se responsabiliza de ninguna p\u00e9rdida, reclamaci\u00f3n o perjuicio derivado del uso o mal uso de un v\u00ednculo, o de la Informaci\u00f3n obtenida a trav\u00e9s d\u00b4 \u00e9l, incluidos otros v\u00ednculos o webs, de la interrupci\u00f3n en el servicio o en el acceso, o del intento de utilizar o de utilizar mal un v\u00ednculo, tan al conectar en la web de ESCUELA DE GOLF HCP1 como el acceder a la informaci\u00f3n otros webs desde la misma.  <\/p>\n\n<p>A veces, esta web utiliza \u201cCookies\u201d, es decir, peque\u00f1os ficheros de datos que se generan al ordenador del usuario y que permiten obtener la siguiente Informaci\u00f3n: 1) Fecha y hora de la \u00faltima vez que el usuario visit\u00f3 la web; 2) Dise\u00f1o y contenidos que el usuario escogi\u00f3 en su primera visita en la web; 3) Elementos de seguridad que intervienen en el control d\u00b4 acceso en las \u00e1reas restringidas y 4) Otras circunstancias an\u00e1logas. El usuario tiene la opci\u00f3n de impedir la generaci\u00f3n de cookies, mediante la selecci\u00f3n de la correspondiente opci\u00f3n en su programa navegador. No obstante, ESCUELA DE GOLF HCP1 no se responsabiliza de que la desactivaci\u00f3n de las mismas impida el buen funcionamiento de la p\u00e1gina web.     <\/p>\n\n<p>PROPIEDAD INDUSTRIAL E INTELECTUAL<\/p>\n\n<p>Esta web es propiedad de UNION INTERIORESSAU Los derechos de Propiedad Intelectual y de explotaci\u00f3n y reproducci\u00f3n de esta web, de sus p\u00e1ginas, pantallas, la Informaci\u00f3n que contienen, su apariencia y dise\u00f1o, as\u00ed como los v\u00ednculos (\u201chiperlinks\u201d) que se establezcan desde ella a otras p\u00e1ginas web de cualquier sociedad filial y\/o dominada de ESCUELA DE GOLF HCP1, son propiedad exclusiva de esta, salvo que se especifique expresamente otra cosa. Cualquier denominaci\u00f3n, dise\u00f1o y\/o logotipo, as\u00ed como cualquier producto o servicio ofrecidos y aparecidos en esta p\u00e1gina web, son marcas debidamente grabadas por UNION INTERIORESSAU, por sus sociedades filiales y\/o dominadas por terceros. Cualquier uso indebido de las mismas por personas diferentes de su leg\u00edtimo titular y sin el consentimiento expreso e inequ\u00edvoco por parte de este, podr\u00e1 ser denunciado y perseguido a trav\u00e9s de todos los medios legales existentes en el Ordenamiento Jur\u00eddico espa\u00f1ol y\/o comunitario.  <\/p>\n\n<p>Los derechos de propiedad intelectual y marcas de terceros est\u00e1n destacados convenientemente y deben de ser respetados por todo aquel que acceda en esta p\u00e1gina, no siendo responsabilidad de ESCUELA DE GOLF HCP1 el uso que el usuario pueda llevar a cabo al respeto, recayendo la responsabilidad exclusiva en su persona.<\/p>\n\n<p>Solo se permite descargar para uso personal y privado los contenidos, copiar o imprimir cualquier p\u00e1gina de esta web. Queda prohibido reproducir, transmitir, modificar o suprimir la informaci\u00f3n, contenido o advertencias d\u00b4 esta web sin la previa autorizaci\u00f3n por escrito de ESCUELA DE GOLF HCP1. <\/p>\n\n<p>LEY APLICABLE Y JURISDICCI\u00d3N<\/p>\n\n<p>Las presentes condiciones generales se rigen por la Legislaci\u00f3n espa\u00f1ola, siendo competentes los Juzgados y Tribunales espa\u00f1oles para conocer cualquier cuesti\u00f3n que se suscite sobre la interpretaci\u00f3n, aplicaci\u00f3n y desempe\u00f1o de las mismas. El usuario, por virtud de su aceptaci\u00f3n a las condiciones generales recogidas en este aviso legal, renuncia expresamente a cualquier fuero que, por aplicaci\u00f3n de la Ley de Enjuiciamiento Civil vigente pudiera corresponderle. <\/p>\n\t\t\t\t\t\t\t\t<\/div>\n\t\t\t\t<\/div>\n\t\t\t\t\t<\/div>\n\t\t\t\t<\/div>\n\t\t\t\t<\/div>\n\t\t","protected":false},"excerpt":{"rendered":"<p>En virtud de la Ley 15\/1999 del 13 de diciembre sobre la Protecci\u00f3n de Datos de car\u00e1cter personal, lo informamos que sus datos reflejados a esta comunicaci\u00f3n, est\u00e1n incorporadas dentro de un fichero automatizado responsabilidad de la empresa mercantil UNION INTERIORES SAU, CIF: A- 58426529, inscrita en el Registro Mercantil de Barcelona, Tom 21150, Folio [&hellip;]<\/p>\n","protected":false},"author":1,"featured_media":0,"parent":0,"menu_order":0,"comment_status":"closed","ping_status":"closed","template":"","meta":{"_acf_changed":false,"footnotes":""},"class_list":["post-1630","page","type-page","status-publish","hentry"],"acf":[],"_links":{"self":[{"href":"https:\/\/hcp1.es\/es\/wp-json\/wp\/v2\/pages\/1630","targetHints":{"allow":["GET"]}}],"collection":[{"href":"https:\/\/hcp1.es\/es\/wp-json\/wp\/v2\/pages"}],"about":[{"href":"https:\/\/hcp1.es\/es\/wp-json\/wp\/v2\/types\/page"}],"author":[{"embeddable":true,"href":"https:\/\/hcp1.es\/es\/wp-json\/wp\/v2\/users\/1"}],"replies":[{"embeddable":true,"href":"https:\/\/hcp1.es\/es\/wp-json\/wp\/v2\/comments?post=1630"}],"version-history":[{"count":2,"href":"https:\/\/hcp1.es\/es\/wp-json\/wp\/v2\/pages\/1630\/revisions"}],"predecessor-version":[{"id":1795,"href":"https:\/\/hcp1.es\/es\/wp-json\/wp\/v2\/pages\/1630\/revisions\/1795"}],"wp:attachment":[{"href":"https:\/\/hcp1.es\/es\/wp-json\/wp\/v2\/media?parent=1630"}],"curies":[{"name":"wp","href":"https:\/\/api.w.org\/{rel}","templated":true}]}}